{"id":1302,"date":"2023-06-26T09:24:29","date_gmt":"2023-06-26T07:24:29","guid":{"rendered":"http:\/\/btsurfcasting.fr\/?post_type=product&#038;p=1302"},"modified":"2024-07-05T15:53:13","modified_gmt":"2024-07-05T13:53:13","slug":"emerillon-bariles-noir-en-acier-n12-et-14","status":"publish","type":"product","link":"https:\/\/btsurfcasting.fr\/index.php\/product\/emerillon-bariles-noir-en-acier-n12-et-14\/","title":{"rendered":"Emerillon Bariles Noir en acier N\u00b012 et 14"},"content":{"rendered":"<p>\u00c9m\u00e9rillons Baril Noir en Acier Renforc\u00e9s. Id\u00e9ale pour vos Montages..<\/p>\n<p>* Disponibles en Pochettes de 20 ; 50 ; 100 ; 200 ; 500 et pour Plus sur Commande.<\/p>\n<p>* Tarifs Tr\u00e8s Comp\u00e9titifs ainsi que Prix Sp\u00e9ciale pour Clubs. ( Me Contacter Directement pour Plus d&#8217;informations..) \ud83d\udc20<\/p>\n<p>.<\/p>\n","protected":false},"excerpt":{"rendered":"<p>\u00c9m\u00e9rillons Baril Noir en Acier Renforc\u00e9s. Id\u00e9ale pour vos Montages.. * Disponibles en Pochettes de 20 ; 50 ; 100 ; 200 ; 500 et pour Plus sur Commande. * [&hellip;]<\/p>\n","protected":false},"featured_media":1568,"comment_status":"open","ping_status":"closed","template":"","meta":[],"product_brand":[],"product_cat":[105],"product_tag":[],"class_list":{"0":"post-1302","1":"product","2":"type-product","3":"status-publish","4":"has-post-thumbnail","6":"product_cat-emerillons","8":"first","9":"instock","10":"taxable","11":"shipping-taxable","12":"purchasable","13":"product-type-variable"},"jetpack_sharing_enabled":true,"_links":{"self":[{"href":"https:\/\/btsurfcasting.fr\/index.php\/wp-json\/wp\/v2\/product\/1302","targetHints":{"allow":["GET"]}}],"collection":[{"href":"https:\/\/btsurfcasting.fr\/index.php\/wp-json\/wp\/v2\/product"}],"about":[{"href":"https:\/\/btsurfcasting.fr\/index.php\/wp-json\/wp\/v2\/types\/product"}],"replies":[{"embeddable":true,"href":"https:\/\/btsurfcasting.fr\/index.php\/wp-json\/wp\/v2\/comments?post=1302"}],"wp:featuredmedia":[{"embeddable":true,"href":"https:\/\/btsurfcasting.fr\/index.php\/wp-json\/wp\/v2\/media\/1568"}],"wp:attachment":[{"href":"https:\/\/btsurfcasting.fr\/index.php\/wp-json\/wp\/v2\/media?parent=1302"}],"wp:term":[{"taxonomy":"product_brand","embeddable":true,"href":"https:\/\/btsurfcasting.fr\/index.php\/wp-json\/wp\/v2\/product_brand?post=1302"},{"taxonomy":"product_cat","embeddable":true,"href":"https:\/\/btsurfcasting.fr\/index.php\/wp-json\/wp\/v2\/product_cat?post=1302"},{"taxonomy":"product_tag","embeddable":true,"href":"https:\/\/btsurfcasting.fr\/index.php\/wp-json\/wp\/v2\/product_tag?post=1302"}],"curies":[{"name":"wp","href":"https:\/\/api.w.org\/{rel}","templated":true}]}}