{"id":1699,"date":"2023-10-27T15:46:21","date_gmt":"2023-10-27T13:46:21","guid":{"rendered":"https:\/\/btsurfcasting.fr\/index.php\/product\/nouveaux-plombs-plastifies-coulissants-roccobomb-en-90-gr\/"},"modified":"2025-05-27T12:45:54","modified_gmt":"2025-05-27T10:45:54","slug":"nouveaux-plombs-plastifies-coulissants-roccobomb-en-90-gr","status":"publish","type":"product","link":"https:\/\/btsurfcasting.fr\/index.php\/product\/nouveaux-plombs-plastifies-coulissants-roccobomb-en-90-gr\/","title":{"rendered":"* Plombs Plastifi\u00e9s Coulissants  &#8220;Roccobomb&#8221; en 90 gr."},"content":{"rendered":"<p>* Nouveaux Plombs Plastifi\u00e9s Coulissants en 90 grs &#8221; ROCCOBOMB &#8221; \u00e0 aillettes.<\/p>\n<p>* Ce Plomb de par sa Forme allong\u00e9 avec ses 2 aillettes et son dos l\u00e9g\u00e8rement Bomb\u00e9 et perc\u00e9 en font un font un plomb qui se tiendra mieux sur le fond et pour des courants l\u00e9gers De plus, sa couleur plastifi\u00e9 immitation Rochers lui permet de se confondre au Milieu Naturel et donc de rester Discret lorsque vous p\u00eacher pr\u00eas des digues. Ce qui lui donne un Certain Avantage dans sa cat\u00e9gorie<\/p>\n<p>* Son Syst\u00e8me Perc\u00e9 (Coulissant) de l&#8217;int\u00e9rieur vous permettra de pouvoir effectuer vos Montages sans Aucune R\u00e9sistance.<\/p>\n<p>* Conseill\u00e9 pour P\u00eacher en Digues et avant-port, Chenal, Canal et m\u00eame en \u00e9tangs.<\/p>\n<p>* Disponibles et en Stock.  Et pour Tous Renseignements Compl\u00e9mentaires concernant les diverses possibilit\u00e9s de Montages, je reste \u00e0 votre Disposition et n&#8217;h\u00e9sitez pas \u00e0 me Contacter par e-mail ou directement par T\u00e9l\u00e9phone, et je me ferais un Plaisir de vous Renseigner car mon But est de pouvoir vous Satisfaire au Mieux ainsi que de vous apporter les Meilleurs Produits aux Meilleurs Rapports Qualit\u00e9s\/Prix.. \ud83e\udd17\ud83d\udc20<\/p>\n","protected":false},"excerpt":{"rendered":"<p>* Nouveaux Plombs Plastifi\u00e9s Coulissants en 90 grs &#8221; ROCCOBOMB &#8221; \u00e0 aillettes. * Ce Plomb de par sa Forme allong\u00e9 avec ses 2 aillettes et son dos l\u00e9g\u00e8rement Bomb\u00e9 [&hellip;]<\/p>\n","protected":false},"featured_media":1697,"comment_status":"open","ping_status":"closed","template":"","meta":[],"product_brand":[],"product_cat":[113],"product_tag":[],"class_list":{"0":"post-1699","1":"product","2":"type-product","3":"status-publish","4":"has-post-thumbnail","6":"product_cat-plombs-de-peche","8":"first","9":"instock","10":"sale","11":"taxable","12":"shipping-taxable","13":"purchasable","14":"product-type-simple"},"jetpack_sharing_enabled":true,"_links":{"self":[{"href":"https:\/\/btsurfcasting.fr\/index.php\/wp-json\/wp\/v2\/product\/1699","targetHints":{"allow":["GET"]}}],"collection":[{"href":"https:\/\/btsurfcasting.fr\/index.php\/wp-json\/wp\/v2\/product"}],"about":[{"href":"https:\/\/btsurfcasting.fr\/index.php\/wp-json\/wp\/v2\/types\/product"}],"replies":[{"embeddable":true,"href":"https:\/\/btsurfcasting.fr\/index.php\/wp-json\/wp\/v2\/comments?post=1699"}],"wp:featuredmedia":[{"embeddable":true,"href":"https:\/\/btsurfcasting.fr\/index.php\/wp-json\/wp\/v2\/media\/1697"}],"wp:attachment":[{"href":"https:\/\/btsurfcasting.fr\/index.php\/wp-json\/wp\/v2\/media?parent=1699"}],"wp:term":[{"taxonomy":"product_brand","embeddable":true,"href":"https:\/\/btsurfcasting.fr\/index.php\/wp-json\/wp\/v2\/product_brand?post=1699"},{"taxonomy":"product_cat","embeddable":true,"href":"https:\/\/btsurfcasting.fr\/index.php\/wp-json\/wp\/v2\/product_cat?post=1699"},{"taxonomy":"product_tag","embeddable":true,"href":"https:\/\/btsurfcasting.fr\/index.php\/wp-json\/wp\/v2\/product_tag?post=1699"}],"curies":[{"name":"wp","href":"https:\/\/api.w.org\/{rel}","templated":true}]}}