{"id":1716,"date":"2023-10-27T17:46:44","date_gmt":"2023-10-27T15:46:44","guid":{"rendered":"https:\/\/btsurfcasting.fr\/?post_type=product&#038;p=1716"},"modified":"2026-02-16T18:21:41","modified_gmt":"2026-02-16T17:21:41","slug":"nouveaux-plombs-surfcasting-plastifies-avec-son-systeme-daccroches-appats","status":"publish","type":"product","link":"https:\/\/btsurfcasting.fr\/index.php\/product\/nouveaux-plombs-surfcasting-plastifies-avec-son-systeme-daccroches-appats\/","title":{"rendered":"*Plombs Surfcasting  avec  Syst\u00e8me d&#8217;Accroches App\u00e2ts ( Plastifi\u00e9s et \u00e0 Paillettes.)"},"content":{"rendered":"<p>* Nouveaux Plombs Plastifi\u00e9s avec son Syst\u00e8me d&#8217;Accroches App\u00e2ts.<\/p>\n<p>* Pour vous en Avant-Premi\u00e8re, une Grande innovation en mati\u00e8re de Nouveaux Plombs qui devrait R\u00e9volutionner la P\u00eache de Comp\u00e9tition dans le Domaine du Surfcasting..<\/p>\n<p>* Ceci sont con\u00e7us Directement avec un Nouveau Syst\u00e8me d&#8217; Accroches App\u00e2ts mont\u00e9s sur la tige du plomb qui vous permettra de pouvoir lancer \u00e0 Grande Distance Tout votre montage incluant votre app\u00e2t, ce qui vous fera donc Gagner Consid\u00e8rablement de la Distance sans Ab\u00eem\u00e9 celui-ci. Ils vous permettent de Pratiquer aussi Diff\u00e9rentes P\u00eaches que vous Souhaitez faire, en Adaptant vos Plombs celon les Conditions de l&#8217;eau, des Divers Courants et pour pouvoir palier aux Diff\u00e9rentes Conditions m\u00e9t\u00e9orologiques.<\/p>\n<p>* En Stock et Disponibles.. Diff\u00e9rents Mod\u00e8les or Pr\u00e9sentation peuvent cependant \u00eatre Disponibles sur R\u00e9servation mais avec un D\u00e9lais \u00e9tablis au Pr\u00e9alable au : 07.83.84.54.79. Par Facebook, Messenger ainsi que nos Diff\u00e9rents R\u00e9seaux Sociaux..<\/p>\n<p>* Toujours Soucieux de pouvoir Mieux vous Satisfaire ainsi que de vous Offrir une Qualit\u00e9 de Services aux Meilleurs Rapports Qualit\u00e9s \/ Prix . \ud83d\ude09\ud83d\udc20\ud83d\udc20<\/p>\n","protected":false},"excerpt":{"rendered":"<p>* Nouveaux Plombs Plastifi\u00e9s avec son Syst\u00e8me d&#8217;Accroches App\u00e2ts. * Pour vous en Avant-Premi\u00e8re, une Grande innovation en mati\u00e8re de Nouveaux Plombs qui devrait R\u00e9volutionner la P\u00eache de Comp\u00e9tition dans [&hellip;]<\/p>\n","protected":false},"featured_media":2034,"comment_status":"open","ping_status":"closed","template":"","meta":[],"product_brand":[],"product_cat":[113],"product_tag":[],"class_list":{"0":"post-1716","1":"product","2":"type-product","3":"status-publish","4":"has-post-thumbnail","6":"product_cat-plombs-de-peche","8":"first","9":"outofstock","10":"sale","11":"taxable","12":"shipping-taxable","13":"purchasable","14":"product-type-simple"},"jetpack_sharing_enabled":true,"_links":{"self":[{"href":"https:\/\/btsurfcasting.fr\/index.php\/wp-json\/wp\/v2\/product\/1716","targetHints":{"allow":["GET"]}}],"collection":[{"href":"https:\/\/btsurfcasting.fr\/index.php\/wp-json\/wp\/v2\/product"}],"about":[{"href":"https:\/\/btsurfcasting.fr\/index.php\/wp-json\/wp\/v2\/types\/product"}],"replies":[{"embeddable":true,"href":"https:\/\/btsurfcasting.fr\/index.php\/wp-json\/wp\/v2\/comments?post=1716"}],"wp:featuredmedia":[{"embeddable":true,"href":"https:\/\/btsurfcasting.fr\/index.php\/wp-json\/wp\/v2\/media\/2034"}],"wp:attachment":[{"href":"https:\/\/btsurfcasting.fr\/index.php\/wp-json\/wp\/v2\/media?parent=1716"}],"wp:term":[{"taxonomy":"product_brand","embeddable":true,"href":"https:\/\/btsurfcasting.fr\/index.php\/wp-json\/wp\/v2\/product_brand?post=1716"},{"taxonomy":"product_cat","embeddable":true,"href":"https:\/\/btsurfcasting.fr\/index.php\/wp-json\/wp\/v2\/product_cat?post=1716"},{"taxonomy":"product_tag","embeddable":true,"href":"https:\/\/btsurfcasting.fr\/index.php\/wp-json\/wp\/v2\/product_tag?post=1716"}],"curies":[{"name":"wp","href":"https:\/\/api.w.org\/{rel}","templated":true}]}}