{"id":1818,"date":"2023-12-20T20:49:39","date_gmt":"2023-12-20T19:49:39","guid":{"rendered":"https:\/\/btsurfcasting.fr\/index.php\/product\/moulinet-surfcasting-samulla\/"},"modified":"2025-11-08T19:44:11","modified_gmt":"2025-11-08T18:44:11","slug":"moulinet-surfcasting-samulla","status":"publish","type":"product","link":"https:\/\/btsurfcasting.fr\/index.php\/product\/moulinet-surfcasting-samulla\/","title":{"rendered":"Moulinet Surfcasting &#8221; SAMULLA&#8221; S\u00e9ries 8000."},"content":{"rendered":"<p>* Voici la Gamme des Nouveaux Moulinets Surfcasting &#8221; SAMULLA &#8221; de la S\u00e9rie 8000. Ces moulinets sont con\u00e7us directement du Japon et ils viennent de la m\u00eame usine o\u00f9 sont fabriqu\u00e9s les fameux moulinets de la marque tr\u00e8s connue comme Shimano, qui ne sont plus \u00e0 d\u00e9montrer. Ceux-ci sont \u00e9norm\u00e9ment connus et tr\u00e8s vendus au Japon, au Canada ainsi que dans d&#8217;autres Pays, mais cependant moins connus en Europe, car ils ne sont distribu\u00e9s que nouvellement, et notamment en France.<\/p>\n<p>Voil\u00e0 pourquoi j&#8217;ai d\u00e9cid\u00e9 de vous les faire conna\u00eetre et de vous faire b\u00e9n\u00e9ficier de tous leurs atouts.. Ils sont pourvus de 13 roulements \u00e0 billes, dont 1 en inox. Ils disposent d&#8217;une bobine large et conique ainsi que d&#8217;un enroulement \u00e0 doubles spires crois\u00e9es lui permettant d&#8217; effectuer de plus longs lancers et d&#8217;atteindre ainsi de plus grandes distances. Ils disposent aussi d&#8217;un frein micro-m\u00e9trique avec une force de 18 Kg, ce qui leur permet d&#8217;\u00eatre plus efficace lors de vos prises de beaux poissons, ainsi qu&#8217;une r\u00e9cup\u00e9ration d&#8217;environ 1 m\u00e8tre par tour de manivelle pour un poids de 590 g. De plus, leur rapport qualit\u00e9\/prix en font un des meilleurs moulinets du march\u00e9 dans sa cat\u00e9gorie. Deux mod\u00e8les disponibles : &#8211; 1 de couleur noire et rouge au prix de 99\u20ac90 et 1 de couleur gris m\u00e9tal au prix de 69\u20ac90.<\/p>\n<p>Les essayer c&#8217;est les adopter, puis test\u00e9s et recommand\u00e9s par votre sp\u00e9cialiste afin de pouvoir toujours vous satisfaire au mieux. \ud83e\udd17\ud83d\udc20\ud83d\udc20\ud83d\udc1f\ud83d\udc1f<\/p>\n","protected":false},"excerpt":{"rendered":"<p>* Voici la Gamme des Nouveaux Moulinets Surfcasting &#8221; SAMULLA &#8221; de la S\u00e9rie 8000. Ces moulinets sont con\u00e7us directement du Japon et ils viennent de la m\u00eame usine o\u00f9 [&hellip;]<\/p>\n","protected":false},"featured_media":1810,"comment_status":"open","ping_status":"closed","template":"","meta":[],"product_brand":[],"product_cat":[115],"product_tag":[],"class_list":{"0":"post-1818","1":"product","2":"type-product","3":"status-publish","4":"has-post-thumbnail","6":"product_cat-moulinets-de-peche","8":"first","9":"instock","10":"taxable","11":"shipping-taxable","12":"purchasable","13":"product-type-variable"},"jetpack_sharing_enabled":true,"_links":{"self":[{"href":"https:\/\/btsurfcasting.fr\/index.php\/wp-json\/wp\/v2\/product\/1818","targetHints":{"allow":["GET"]}}],"collection":[{"href":"https:\/\/btsurfcasting.fr\/index.php\/wp-json\/wp\/v2\/product"}],"about":[{"href":"https:\/\/btsurfcasting.fr\/index.php\/wp-json\/wp\/v2\/types\/product"}],"replies":[{"embeddable":true,"href":"https:\/\/btsurfcasting.fr\/index.php\/wp-json\/wp\/v2\/comments?post=1818"}],"wp:featuredmedia":[{"embeddable":true,"href":"https:\/\/btsurfcasting.fr\/index.php\/wp-json\/wp\/v2\/media\/1810"}],"wp:attachment":[{"href":"https:\/\/btsurfcasting.fr\/index.php\/wp-json\/wp\/v2\/media?parent=1818"}],"wp:term":[{"taxonomy":"product_brand","embeddable":true,"href":"https:\/\/btsurfcasting.fr\/index.php\/wp-json\/wp\/v2\/product_brand?post=1818"},{"taxonomy":"product_cat","embeddable":true,"href":"https:\/\/btsurfcasting.fr\/index.php\/wp-json\/wp\/v2\/product_cat?post=1818"},{"taxonomy":"product_tag","embeddable":true,"href":"https:\/\/btsurfcasting.fr\/index.php\/wp-json\/wp\/v2\/product_tag?post=1818"}],"curies":[{"name":"wp","href":"https:\/\/api.w.org\/{rel}","templated":true}]}}