{"id":1880,"date":"2024-03-02T03:02:07","date_gmt":"2024-03-02T02:02:07","guid":{"rendered":"http:\/\/btsurfcasting.fr\/index.php\/product\/produit\/"},"modified":"2025-09-01T20:23:36","modified_gmt":"2025-09-01T18:23:36","slug":"produit","status":"publish","type":"product","link":"https:\/\/btsurfcasting.fr\/index.php\/product\/produit\/","title":{"rendered":"Agrafes Plombs inox avec Accroches App\u00e2ts Sp\u00e9ciale \n&#8221; BT SURFCASTING 11 &#8220;"},"content":{"rendered":"<p>* Nouvelles agrafes plombs avec accroches app\u00e2ts &#8220;Sp\u00e9ciales BT SURFCASTING 11&#8243;.<\/p>\n<p>* Celles-ci sont con\u00e7ues en acier renforc\u00e9 inoxydable et anti-corrosion contre le sel. Elles supportent des plombs de grosse taille allant jusqu&#8217;\u00e0 300 gr. celon le mod\u00e8le. Elles vous permettront de mettre et changer vos plombs rapidement, et son syst\u00e8me avec accroches app\u00e2ts vous permettra d&#8217;accrocher et de lancer tout votre bas de ligne incluant vos diff\u00e9rents app\u00e2ts, m\u00eame de grosse taille, plus longs, et sans ab\u00eemer ceux-ci.  <\/p>\n<p>* Cependant, je tiens \u00e0 pr\u00e9ciser que pour pouvoir utiliser cette agrafe, il vous faut des montages sp\u00e9ciaux incluant des ressorts adapt\u00e9s \u00e0 ce syst\u00e8me de p\u00eache, que vous pouvez aussi vous procurer sur notre site internet &#8221; www.btsurfcasting11.fr &#8220;.<\/p>\n<p>* Diff\u00e9rents Montages Sp\u00e9cifiques  &#8221; BT SURFCASTING 11&#8243; sont aussi disponibles pour cette p\u00eache, et vous pourrez vous les procurer aussi sur notre site. Pour toutes autres questions, n&#8217;h\u00e9sitez pas \u00e0 me contacter et je me ferais un plaisir de vous renseigner, toujours soucieux de vous apporter tous les meilleurs produits aux meilleurs prix, ainsi que de vous faire b\u00e9n\u00e9ficier de toute mon exp\u00e9rience professionnelle. \ud83e\udd17\ud83d\udc20<\/p>\n","protected":false},"excerpt":{"rendered":"<p>* Nouvelles agrafes plombs avec accroches app\u00e2ts &#8220;Sp\u00e9ciales BT SURFCASTING 11&#8243;. * Celles-ci sont con\u00e7ues en acier renforc\u00e9 inoxydable et anti-corrosion contre le sel. Elles supportent des plombs de grosse [&hellip;]<\/p>\n","protected":false},"featured_media":3176,"comment_status":"open","ping_status":"closed","template":"","meta":[],"product_brand":[],"product_cat":[251,239,108],"product_tag":[],"class_list":{"0":"post-1880","1":"product","2":"type-product","3":"status-publish","4":"has-post-thumbnail","6":"product_cat-accessoires-de-peche","7":"product_cat-agrafes-plomb-avec-accroches-appats","8":"product_cat-gamme-bt-surfcasting","10":"first","11":"instock","12":"sale","13":"taxable","14":"shipping-taxable","15":"purchasable","16":"product-type-variable"},"jetpack_sharing_enabled":true,"_links":{"self":[{"href":"https:\/\/btsurfcasting.fr\/index.php\/wp-json\/wp\/v2\/product\/1880","targetHints":{"allow":["GET"]}}],"collection":[{"href":"https:\/\/btsurfcasting.fr\/index.php\/wp-json\/wp\/v2\/product"}],"about":[{"href":"https:\/\/btsurfcasting.fr\/index.php\/wp-json\/wp\/v2\/types\/product"}],"replies":[{"embeddable":true,"href":"https:\/\/btsurfcasting.fr\/index.php\/wp-json\/wp\/v2\/comments?post=1880"}],"wp:featuredmedia":[{"embeddable":true,"href":"https:\/\/btsurfcasting.fr\/index.php\/wp-json\/wp\/v2\/media\/3176"}],"wp:attachment":[{"href":"https:\/\/btsurfcasting.fr\/index.php\/wp-json\/wp\/v2\/media?parent=1880"}],"wp:term":[{"taxonomy":"product_brand","embeddable":true,"href":"https:\/\/btsurfcasting.fr\/index.php\/wp-json\/wp\/v2\/product_brand?post=1880"},{"taxonomy":"product_cat","embeddable":true,"href":"https:\/\/btsurfcasting.fr\/index.php\/wp-json\/wp\/v2\/product_cat?post=1880"},{"taxonomy":"product_tag","embeddable":true,"href":"https:\/\/btsurfcasting.fr\/index.php\/wp-json\/wp\/v2\/product_tag?post=1880"}],"curies":[{"name":"wp","href":"https:\/\/api.w.org\/{rel}","templated":true}]}}