{"id":1995,"date":"2024-03-09T11:27:53","date_gmt":"2024-03-09T10:27:53","guid":{"rendered":"https:\/\/btsurfcasting.fr\/?post_type=product&#038;p=1995"},"modified":"2024-10-03T17:49:07","modified_gmt":"2024-10-03T15:49:07","slug":"perles-tic-tac-flottantes-phosphorescentes","status":"publish","type":"product","link":"https:\/\/btsurfcasting.fr\/index.php\/product\/perles-tic-tac-flottantes-phosphorescentes\/","title":{"rendered":"Perles TIC-TAC Flottantes Vertes en 15mm\/6 mm et en 10\/6 mm."},"content":{"rendered":"<p>* Perles &#8220;TIC-TAC&#8221; flottantes vertes fluo en 15\/6 mm.<\/p>\n<p>* Ces perles flottantes sont sp\u00e9cialement con\u00e7ues avec des produits de haute qualit\u00e9 qui vont vous apporter un degr\u00e9 de flottaison incomparable, ainsi que de par leur couleur.<\/p>\n<p>* Elles sont faites pour p\u00eacher de jour, selon la luminosit\u00e9 du ciel et la couleur de l&#8217;eau. Gr\u00e2ce \u00e0 leur couleur sp\u00e9cifique verte fluo, celles-ci se r\u00e9v\u00e8leront efficaces sur diff\u00e9rentes vari\u00e9t\u00e9s de poissons de surfaces ou entre deux eaux.<\/p>\n<p>* il est recommand\u00e9 de p\u00eacher avec des petits app\u00e2ts tels que des vers demi-durs, durs vert ou rouge, pistiches, ou petits mourrons, selon la taille de votre perles ainsi que celle de votre hame\u00e7on qui est li\u00e9 \u00e0 votre app\u00e2t..<\/p>\n<p>* Recommand\u00e9es par votre sp\u00e9cialiste. \ud83d\udc20<\/p>\n","protected":false},"excerpt":{"rendered":"<p>* Perles &#8220;TIC-TAC&#8221; flottantes vertes fluo en 15\/6 mm. * Ces perles flottantes sont sp\u00e9cialement con\u00e7ues avec des produits de haute qualit\u00e9 qui vont vous apporter un degr\u00e9 de flottaison [&hellip;]<\/p>\n","protected":false},"featured_media":2002,"comment_status":"open","ping_status":"closed","template":"","meta":[],"product_brand":[],"product_cat":[240,102],"product_tag":[],"class_list":{"0":"post-1995","1":"product","2":"type-product","3":"status-publish","4":"has-post-thumbnail","6":"product_cat-perles","7":"product_cat-perles-de-peche","9":"first","10":"instock","11":"sale","12":"taxable","13":"shipping-taxable","14":"purchasable","15":"product-type-variable"},"jetpack_sharing_enabled":true,"_links":{"self":[{"href":"https:\/\/btsurfcasting.fr\/index.php\/wp-json\/wp\/v2\/product\/1995","targetHints":{"allow":["GET"]}}],"collection":[{"href":"https:\/\/btsurfcasting.fr\/index.php\/wp-json\/wp\/v2\/product"}],"about":[{"href":"https:\/\/btsurfcasting.fr\/index.php\/wp-json\/wp\/v2\/types\/product"}],"replies":[{"embeddable":true,"href":"https:\/\/btsurfcasting.fr\/index.php\/wp-json\/wp\/v2\/comments?post=1995"}],"wp:featuredmedia":[{"embeddable":true,"href":"https:\/\/btsurfcasting.fr\/index.php\/wp-json\/wp\/v2\/media\/2002"}],"wp:attachment":[{"href":"https:\/\/btsurfcasting.fr\/index.php\/wp-json\/wp\/v2\/media?parent=1995"}],"wp:term":[{"taxonomy":"product_brand","embeddable":true,"href":"https:\/\/btsurfcasting.fr\/index.php\/wp-json\/wp\/v2\/product_brand?post=1995"},{"taxonomy":"product_cat","embeddable":true,"href":"https:\/\/btsurfcasting.fr\/index.php\/wp-json\/wp\/v2\/product_cat?post=1995"},{"taxonomy":"product_tag","embeddable":true,"href":"https:\/\/btsurfcasting.fr\/index.php\/wp-json\/wp\/v2\/product_tag?post=1995"}],"curies":[{"name":"wp","href":"https:\/\/api.w.org\/{rel}","templated":true}]}}