{"id":2428,"date":"2024-05-15T17:58:05","date_gmt":"2024-05-15T15:58:05","guid":{"rendered":"https:\/\/btsurfcasting.fr\/?post_type=product&#038;p=2428"},"modified":"2025-09-03T03:24:14","modified_gmt":"2025-09-03T01:24:14","slug":"plombs-poire","status":"publish","type":"product","link":"https:\/\/btsurfcasting.fr\/index.php\/product\/plombs-poire\/","title":{"rendered":"* Plombs poires en 125gr."},"content":{"rendered":"<p>* Ces Plombs poires en 125gr sont con\u00e7us pour pratiquer la P\u00eache au pos\u00e9 ou \u00e0 soutenir, en eaux Douce ou en Mer. Ils permettent de lester efficacement votre bas de ligne tout en permettant au montage de d\u00e9river lentement sur le fond gr\u00e2ce \u00e0 sa forme en poire.<\/p>\n<p>* Ces Plombs sont utilis\u00e9s par de nombreux P\u00eacheurs, dont les P\u00eacheurs de Comp\u00e9titions<\/p>\n<p>* En Stock ; Disponibles en differents Mod\u00e8les et Grammages et recommand\u00e9 par votre Sp\u00e9cialiste. \ud83d\udc20\ud83d\udc1f<\/p>\n","protected":false},"excerpt":{"rendered":"<p>* Ces Plombs poires en 125gr sont con\u00e7us pour pratiquer la P\u00eache au pos\u00e9 ou \u00e0 soutenir, en eaux Douce ou en Mer. Ils permettent de lester efficacement votre bas [&hellip;]<\/p>\n","protected":false},"featured_media":2649,"comment_status":"open","ping_status":"closed","template":"","meta":[],"product_brand":[],"product_cat":[215,113],"product_tag":[],"class_list":{"0":"post-2428","1":"product","2":"type-product","3":"status-publish","4":"has-post-thumbnail","6":"product_cat-plombs","7":"product_cat-plombs-de-peche","9":"first","10":"instock","11":"sale","12":"taxable","13":"shipping-taxable","14":"purchasable","15":"product-type-variable"},"jetpack_sharing_enabled":true,"_links":{"self":[{"href":"https:\/\/btsurfcasting.fr\/index.php\/wp-json\/wp\/v2\/product\/2428","targetHints":{"allow":["GET"]}}],"collection":[{"href":"https:\/\/btsurfcasting.fr\/index.php\/wp-json\/wp\/v2\/product"}],"about":[{"href":"https:\/\/btsurfcasting.fr\/index.php\/wp-json\/wp\/v2\/types\/product"}],"replies":[{"embeddable":true,"href":"https:\/\/btsurfcasting.fr\/index.php\/wp-json\/wp\/v2\/comments?post=2428"}],"wp:featuredmedia":[{"embeddable":true,"href":"https:\/\/btsurfcasting.fr\/index.php\/wp-json\/wp\/v2\/media\/2649"}],"wp:attachment":[{"href":"https:\/\/btsurfcasting.fr\/index.php\/wp-json\/wp\/v2\/media?parent=2428"}],"wp:term":[{"taxonomy":"product_brand","embeddable":true,"href":"https:\/\/btsurfcasting.fr\/index.php\/wp-json\/wp\/v2\/product_brand?post=2428"},{"taxonomy":"product_cat","embeddable":true,"href":"https:\/\/btsurfcasting.fr\/index.php\/wp-json\/wp\/v2\/product_cat?post=2428"},{"taxonomy":"product_tag","embeddable":true,"href":"https:\/\/btsurfcasting.fr\/index.php\/wp-json\/wp\/v2\/product_tag?post=2428"}],"curies":[{"name":"wp","href":"https:\/\/api.w.org\/{rel}","templated":true}]}}