{"id":2623,"date":"2024-06-23T19:50:18","date_gmt":"2024-06-23T17:50:18","guid":{"rendered":"https:\/\/btsurfcasting.fr\/index.php\/product\/tee-shirts-bt-surfcasting-11\/"},"modified":"2025-11-23T23:46:26","modified_gmt":"2025-11-23T22:46:26","slug":"tee-shirts-bt-surfcasting-11","status":"publish","type":"product","link":"https:\/\/btsurfcasting.fr\/index.php\/product\/tee-shirts-bt-surfcasting-11\/","title":{"rendered":"Tee-shirts  &#8221; BT SURFCASTING 11 &#8220;."},"content":{"rendered":"<p>* Tee-shirts 100 % de Qualit\u00e9 Sup\u00e9rieure  &#8221; BT SURFCASTING 11 &#8220;. Ceci sont de couleur Bleu, incluant un logo c\u00f4t\u00e9 face avant, ainsi qu&#8217; un autre logo plus grand au milieu du dos de la face arri\u00e8re de celui-ci.<\/p>\n<p>*  Disponibles en Tailles M, L, XL, 2XL et 3XL. * N&#8217; h\u00e9sitez pas \u00e0 me contacter pour les tailles, en vous remerciant pour votre confiance et en vous souhaitant \u00e0 Tous une Bonne Saison de P\u00eache 2024. \ud83e\udd17\ud83d\udc20<\/p>\n","protected":false},"excerpt":{"rendered":"<p>* Tee-shirts 100 % de Qualit\u00e9 Sup\u00e9rieure &#8221; BT SURFCASTING 11 &#8220;. Ceci sont de couleur Bleu, incluant un logo c\u00f4t\u00e9 face avant, ainsi qu&#8217; un autre logo plus grand [&hellip;]<\/p>\n","protected":false},"featured_media":2621,"comment_status":"open","ping_status":"closed","template":"","meta":[],"product_brand":[],"product_cat":[310],"product_tag":[],"class_list":{"0":"post-2623","1":"product","2":"type-product","3":"status-publish","4":"has-post-thumbnail","6":"product_cat-vetements","8":"first","9":"instock","10":"taxable","11":"shipping-taxable","12":"purchasable","13":"product-type-simple"},"jetpack_sharing_enabled":true,"_links":{"self":[{"href":"https:\/\/btsurfcasting.fr\/index.php\/wp-json\/wp\/v2\/product\/2623","targetHints":{"allow":["GET"]}}],"collection":[{"href":"https:\/\/btsurfcasting.fr\/index.php\/wp-json\/wp\/v2\/product"}],"about":[{"href":"https:\/\/btsurfcasting.fr\/index.php\/wp-json\/wp\/v2\/types\/product"}],"replies":[{"embeddable":true,"href":"https:\/\/btsurfcasting.fr\/index.php\/wp-json\/wp\/v2\/comments?post=2623"}],"wp:featuredmedia":[{"embeddable":true,"href":"https:\/\/btsurfcasting.fr\/index.php\/wp-json\/wp\/v2\/media\/2621"}],"wp:attachment":[{"href":"https:\/\/btsurfcasting.fr\/index.php\/wp-json\/wp\/v2\/media?parent=2623"}],"wp:term":[{"taxonomy":"product_brand","embeddable":true,"href":"https:\/\/btsurfcasting.fr\/index.php\/wp-json\/wp\/v2\/product_brand?post=2623"},{"taxonomy":"product_cat","embeddable":true,"href":"https:\/\/btsurfcasting.fr\/index.php\/wp-json\/wp\/v2\/product_cat?post=2623"},{"taxonomy":"product_tag","embeddable":true,"href":"https:\/\/btsurfcasting.fr\/index.php\/wp-json\/wp\/v2\/product_tag?post=2623"}],"curies":[{"name":"wp","href":"https:\/\/api.w.org\/{rel}","templated":true}]}}