{"id":2668,"date":"2024-06-25T15:15:14","date_gmt":"2024-06-25T13:15:14","guid":{"rendered":"https:\/\/btsurfcasting.fr\/?post_type=product&#038;p=2668"},"modified":"2025-11-08T18:54:23","modified_gmt":"2025-11-08T17:54:23","slug":"bobine-fluoro-carbon","status":"publish","type":"product","link":"https:\/\/btsurfcasting.fr\/index.php\/product\/bobine-fluoro-carbon\/","title":{"rendered":"Bobine fluoro carbon FTX en 120 m"},"content":{"rendered":"<p>* Nouvelles bobines de fil Fluorocarbon FTX en 120 m. Celles-ci sont con\u00e7us avec une nouvelle mati\u00e8re Tr\u00e8s R\u00e9sistante, qui permet de se tenir mieux dans l&#8217;eau et d&#8217;\u00e9viter ainsi les vrillages. Il aussi fait de fa\u00e7on enti\u00e8rement transparente, ce qui lui permet de rester totalement invisible dans l&#8217;eau, et donc que le poisson se m\u00e9fie moins, ce qui vous permettra de mettre toutes les chances de votre c\u00f4t\u00e9.<\/p>\n<p>* Tester et Recommand\u00e9 par votre Sp\u00e9cialiste et disponible en plusieurs Diam\u00e8tres. \ud83d\udc4d\ud83d\udc20\ud83d\udc1f<\/p>\n","protected":false},"excerpt":{"rendered":"<p>* Nouvelles bobines de fil Fluorocarbon FTX en 120 m. Celles-ci sont con\u00e7us avec une nouvelle mati\u00e8re Tr\u00e8s R\u00e9sistante, qui permet de se tenir mieux dans l&#8217;eau et d&#8217;\u00e9viter ainsi [&hellip;]<\/p>\n","protected":false},"featured_media":2670,"comment_status":"open","ping_status":"closed","template":"","meta":[],"product_brand":[],"product_cat":[251,210],"product_tag":[],"class_list":{"0":"post-2668","1":"product","2":"type-product","3":"status-publish","4":"has-post-thumbnail","6":"product_cat-accessoires-de-peche","7":"product_cat-fluorocarbon-carnassiers","9":"first","10":"instock","11":"taxable","12":"shipping-taxable","13":"purchasable","14":"product-type-variable"},"jetpack_sharing_enabled":true,"_links":{"self":[{"href":"https:\/\/btsurfcasting.fr\/index.php\/wp-json\/wp\/v2\/product\/2668","targetHints":{"allow":["GET"]}}],"collection":[{"href":"https:\/\/btsurfcasting.fr\/index.php\/wp-json\/wp\/v2\/product"}],"about":[{"href":"https:\/\/btsurfcasting.fr\/index.php\/wp-json\/wp\/v2\/types\/product"}],"replies":[{"embeddable":true,"href":"https:\/\/btsurfcasting.fr\/index.php\/wp-json\/wp\/v2\/comments?post=2668"}],"wp:featuredmedia":[{"embeddable":true,"href":"https:\/\/btsurfcasting.fr\/index.php\/wp-json\/wp\/v2\/media\/2670"}],"wp:attachment":[{"href":"https:\/\/btsurfcasting.fr\/index.php\/wp-json\/wp\/v2\/media?parent=2668"}],"wp:term":[{"taxonomy":"product_brand","embeddable":true,"href":"https:\/\/btsurfcasting.fr\/index.php\/wp-json\/wp\/v2\/product_brand?post=2668"},{"taxonomy":"product_cat","embeddable":true,"href":"https:\/\/btsurfcasting.fr\/index.php\/wp-json\/wp\/v2\/product_cat?post=2668"},{"taxonomy":"product_tag","embeddable":true,"href":"https:\/\/btsurfcasting.fr\/index.php\/wp-json\/wp\/v2\/product_tag?post=2668"}],"curies":[{"name":"wp","href":"https:\/\/api.w.org\/{rel}","templated":true}]}}