{"id":2708,"date":"2024-06-26T10:03:29","date_gmt":"2024-06-26T08:03:29","guid":{"rendered":"https:\/\/btsurfcasting.fr\/?post_type=product&#038;p=2708"},"modified":"2025-03-24T01:31:29","modified_gmt":"2025-03-24T00:31:29","slug":"canne-surfcasting-akami","status":"publish","type":"product","link":"https:\/\/btsurfcasting.fr\/index.php\/product\/canne-surfcasting-akami\/","title":{"rendered":"Canne surfcasting &#8220;Akami&#8221;"},"content":{"rendered":"<p>* Canne Surfcasting AKAMI &#8221; Sunset Sp\u00e9cial&#8221;. Cette canne de chez AKAMI est une canne fabriqu\u00e9e avec un carbon haut module en 40 tone de Haute qualit\u00e9 qui lui apporte une meilleure solidit\u00e9 pour une puissance allant de 100 \u00e0 250 grs et pour une longueur totale de 4m20 en 3 sections. Elle est compos\u00e9e d&#8217;une poign\u00e9e syst\u00e8me grip qui vous permet de la tenir Mieux dans vos mains afin de faire des meilleurs lancers. Elle est \u00e9galement \u00e9quip\u00e9e d&#8217;un porte moulinet en DPS, de 8 anneaux fudgi-sic et d&#8217;un scion de couleur blanc pour lui donner une meilleure visibilit\u00e9 et sensibilit\u00e9 lors des touches. Celle-ci fait partie des cannes qui satisferont de nombreux P\u00eacheurs qui d\u00e9sirent commencer \u00e0 pratiquer la P\u00eache avec une canne pour un Rapport Qualit\u00e9\/Prix par rapport \u00e0 de nombreuses autres cannes.<\/p>\n<p>* Conseiller et Recommander par votre Sp\u00e9cialiste.<\/p>\n","protected":false},"excerpt":{"rendered":"<p>* Canne Surfcasting AKAMI &#8221; Sunset Sp\u00e9cial&#8221;. Cette canne de chez AKAMI est une canne fabriqu\u00e9e avec un carbon haut module en 40 tone de Haute qualit\u00e9 qui lui apporte [&hellip;]<\/p>\n","protected":false},"featured_media":2791,"comment_status":"open","ping_status":"closed","template":"","meta":[],"product_brand":[],"product_cat":[101],"product_tag":[],"class_list":{"0":"post-2708","1":"product","2":"type-product","3":"status-publish","4":"has-post-thumbnail","6":"product_cat-non-classe","8":"first","9":"onbackorder","10":"sale","11":"taxable","12":"shipping-taxable","13":"purchasable","14":"product-type-simple"},"jetpack_sharing_enabled":true,"_links":{"self":[{"href":"https:\/\/btsurfcasting.fr\/index.php\/wp-json\/wp\/v2\/product\/2708","targetHints":{"allow":["GET"]}}],"collection":[{"href":"https:\/\/btsurfcasting.fr\/index.php\/wp-json\/wp\/v2\/product"}],"about":[{"href":"https:\/\/btsurfcasting.fr\/index.php\/wp-json\/wp\/v2\/types\/product"}],"replies":[{"embeddable":true,"href":"https:\/\/btsurfcasting.fr\/index.php\/wp-json\/wp\/v2\/comments?post=2708"}],"wp:featuredmedia":[{"embeddable":true,"href":"https:\/\/btsurfcasting.fr\/index.php\/wp-json\/wp\/v2\/media\/2791"}],"wp:attachment":[{"href":"https:\/\/btsurfcasting.fr\/index.php\/wp-json\/wp\/v2\/media?parent=2708"}],"wp:term":[{"taxonomy":"product_brand","embeddable":true,"href":"https:\/\/btsurfcasting.fr\/index.php\/wp-json\/wp\/v2\/product_brand?post=2708"},{"taxonomy":"product_cat","embeddable":true,"href":"https:\/\/btsurfcasting.fr\/index.php\/wp-json\/wp\/v2\/product_cat?post=2708"},{"taxonomy":"product_tag","embeddable":true,"href":"https:\/\/btsurfcasting.fr\/index.php\/wp-json\/wp\/v2\/product_tag?post=2708"}],"curies":[{"name":"wp","href":"https:\/\/api.w.org\/{rel}","templated":true}]}}