{"id":2736,"date":"2024-06-26T11:59:18","date_gmt":"2024-06-26T09:59:18","guid":{"rendered":"https:\/\/btsurfcasting.fr\/?post_type=product&#038;p=2736"},"modified":"2024-10-03T17:49:04","modified_gmt":"2024-10-03T15:49:04","slug":"moulinet-spinning-pour-carnassiers-2","status":"publish","type":"product","link":"https:\/\/btsurfcasting.fr\/index.php\/product\/moulinet-spinning-pour-carnassiers-2\/","title":{"rendered":"Moulinet Spinning pour carnassiers"},"content":{"rendered":"<div class=\"woocommerce-product-details__short-description\">\n<p>Un\u00a0<strong>moulinet spinning<\/strong>\u00a0se place sous la<strong>\u00a0canne \u00e0 p\u00eache<\/strong>\u00a0et poss\u00e8de une\u00a0<strong>bobine fixe<\/strong>. Le rotor tourne autour de cette bobine pour bien enrouler le fil, on parle ici d\u2019un enroulement par\u00a0<strong>spires crois\u00e9es<\/strong>. Ce type de moulinet a plusieurs avantages pour la p\u00eache aux\u00a0<strong>carnassiers.<\/strong><\/p>\n<p>Vous pouvez utiliser des fils fins et lancer \u00e0 de grandes distances. Il offre aussi un\u00a0<strong>freinage puissant<\/strong>\u00a0pour les p\u00eaches intensives gr\u00e2ce \u00e0 son<strong>\u00a0frein microm\u00e9trique.<\/strong><\/p>\n<p>Ces moulinets sont adapt\u00e9s \u00e0 la fois pour la\u00a0<strong>mer<\/strong>\u00a0et l<strong>\u2018eau douce<\/strong>\u00a0et sont moins sujets aux n\u0153uds, m\u00eame avec du nylon ou de la tresse fine. Apr\u00e8s un peu de pratique, tous les\u00a0<strong>p\u00eacheurs<\/strong>\u00a0peuvent les utiliser facilement.<\/p>\n<p>Le\u00a0<strong>moulinet<\/strong>\u00a0<strong>Sougayilang<\/strong>\u00a0est parfaitement adapt\u00e9 \u00e0 ce type de\u00a0<strong>p\u00eache<\/strong>\u00a0, il a \u00e9t\u00e9 sp\u00e9cialement con\u00e7u et adapt\u00e9 pour pratiquer la<strong>\u00a0p\u00eache des carnassiers.<\/strong><\/p>\n<p>Ce moulinet poss\u00e8de plus de\u00a0<strong>roulement \u00e0 billes<\/strong>\u00a0ainsi qu\u2019une manivelle avec\u00a0<strong>poignet\u00a0 ronde de qualit\u00e9 sup\u00e9rieure.<\/strong><\/p>\n<p>Il est inspir\u00e9 de par les plus grandes marques, mais avec\u00a0<strong>un rapport , qualit\u00e9, prix in\u00e9gal\u00e9 .<\/strong><\/p>\n<p>Ce moulinet est dot\u00e9 de 14 roulement \u00e0 billes, dont 2 en inox.<\/p>\n<p>&nbsp;<\/p>\n<\/div>\n","protected":false},"excerpt":{"rendered":"<div class=\"woocommerce-product-details__short-description\">\n<p>Un moulinet spinning se place sous la canne \u00e0 p\u00eache et poss\u00e8de une bobine fixe. Le rotor tourne autour de cette bobine pour bien enrouler le fil. Ce type de moulinet a plusieurs avantages pour la p\u00eache aux carnassiers.<\/p>\n<p>Vous pouvez utiliser des fils fins et lancer \u00e0 de grandes distances. Il offre aussi un freinage puissant pour les p\u00eaches intensives.<\/p>\n<p>Ces moulinets sont adapt\u00e9s \u00e0 la fois pour la mer et l\u2019eau douce et sont moins sujets aux n\u0153uds, m\u00eame avec du nylon ou de la tresse fine. Apr\u00e8s un peu de pratique, tous les p\u00eacheurs peuvent les utiliser facilement.<\/p>\n<\/div>\n","protected":false},"featured_media":2737,"comment_status":"open","ping_status":"closed","template":"","meta":[],"product_brand":[],"product_cat":[208,115,101],"product_tag":[],"class_list":{"0":"post-2736","1":"product","2":"type-product","3":"status-publish","4":"has-post-thumbnail","6":"product_cat-moulinets","7":"product_cat-moulinets-de-peche","8":"product_cat-non-classe","10":"first","11":"instock","12":"sale","13":"taxable","14":"shipping-taxable","15":"purchasable","16":"product-type-simple"},"jetpack_sharing_enabled":true,"_links":{"self":[{"href":"https:\/\/btsurfcasting.fr\/index.php\/wp-json\/wp\/v2\/product\/2736","targetHints":{"allow":["GET"]}}],"collection":[{"href":"https:\/\/btsurfcasting.fr\/index.php\/wp-json\/wp\/v2\/product"}],"about":[{"href":"https:\/\/btsurfcasting.fr\/index.php\/wp-json\/wp\/v2\/types\/product"}],"replies":[{"embeddable":true,"href":"https:\/\/btsurfcasting.fr\/index.php\/wp-json\/wp\/v2\/comments?post=2736"}],"wp:featuredmedia":[{"embeddable":true,"href":"https:\/\/btsurfcasting.fr\/index.php\/wp-json\/wp\/v2\/media\/2737"}],"wp:attachment":[{"href":"https:\/\/btsurfcasting.fr\/index.php\/wp-json\/wp\/v2\/media?parent=2736"}],"wp:term":[{"taxonomy":"product_brand","embeddable":true,"href":"https:\/\/btsurfcasting.fr\/index.php\/wp-json\/wp\/v2\/product_brand?post=2736"},{"taxonomy":"product_cat","embeddable":true,"href":"https:\/\/btsurfcasting.fr\/index.php\/wp-json\/wp\/v2\/product_cat?post=2736"},{"taxonomy":"product_tag","embeddable":true,"href":"https:\/\/btsurfcasting.fr\/index.php\/wp-json\/wp\/v2\/product_tag?post=2736"}],"curies":[{"name":"wp","href":"https:\/\/api.w.org\/{rel}","templated":true}]}}